{"id":340,"date":"2023-10-23T12:09:45","date_gmt":"2023-10-23T12:09:45","guid":{"rendered":"https:\/\/allpeopleschurch.ca\/?page_id=340"},"modified":"2025-12-18T15:33:47","modified_gmt":"2025-12-18T20:33:47","slug":"contact-us","status":"publish","type":"page","link":"https:\/\/foodhub.allpeopleschurch.ca\/es\/contact-us\/","title":{"rendered":"P\u00f3ngase en contacto con nosotros"},"content":{"rendered":"<div class=\"wpb-content-wrapper\"><section class=\"vc_section\"><div class=\"container\"><div class=\"vc_row wpb_row row top-row wpb_custom_034b39d9bc6c6b310d69e39f0ccf274f\"><div class=\"vc_column_container col-md-12\"><div class=\"wpb_wrapper vc_column-inner\"><h2 style=\"text-align: center\" class=\"vc_custom_heading vc_do_custom_heading max-width-600 m-auto mb-4 wpb_custom_aa365bd5046e8294520b4e73732b9d15\" >P\u00f3ngase en contacto con nosotros para cualquier informaci\u00f3n.<\/h2><p style=\"font-size: 18px;text-align: center\" class=\"vc_custom_heading vc_do_custom_heading wpb_custom_aa365bd5046e8294520b4e73732b9d15\" >Si tiene preguntas o necesita ayuda, utilice una de las opciones siguientes que m\u00e1s le convenga.<\/p><div class=\"vc_empty_space\"   style=\"height: 170px\"><span class=\"vc_empty_space_inner\"><\/span><\/div><\/div><\/div><\/div><\/div><\/section><section class=\"vc_section vc_custom_1698077095079 vc_section-has-fill\"><div class=\"container\"><div class=\"vc_row wpb_row row top-row vc_custom_1698066543560 wpb_custom_034b39d9bc6c6b310d69e39f0ccf274f\"><div class=\"pr-md-4 vc_column_container col-md-4\"><div class=\"wpb_wrapper vc_column-inner\"><div class=\"porto-ultimate-content-box-container contact-cta-box\"><style>.porto_ucb_261382f71336470172bc8ca0b7538274{will-change: box-shadow;box-shadow:0 10px 40px -30px rgba(0,0,0,0.4);}.porto_ucb_261382f71336470172bc8ca0b7538274:hover{box-shadow:0 10px 40px -30px rgba(0,0,0,0.4)}<\/style><div class=\"porto-ultimate-content-box porto_ucb_261382f71336470172bc8ca0b7538274\" style=\"background-color:#ffffff;border:2px solid #ffffff;\" data-bg=\"#ffffff\">\r\n\t<div class=\"wpb_single_image wpb_content_element vc_align_center wpb_content_element  vc_custom_1698066616477  p-3 contact-box-image-width text-center mb-3 wpb_custom_81a4f7ef9830bf958462581aa01150fb\"><div class=\"wpb_wrapper\">\r\n\t\t\t\r\n\t\t\t<div class=\"vc_single_image-wrapper   vc_box_border_grey\"><img loading=\"lazy\" decoding=\"async\" width=\"534\" height=\"460\" src=\"https:\/\/foodhub.allpeopleschurch.ca\/wp-content\/uploads\/2023\/10\/telephone-color.png\" class=\"vc_single_image-img attachment-full\" alt=\"\" title=\"tel\u00e9fono-color\" srcset=\"https:\/\/foodhub.allpeopleschurch.ca\/wp-content\/uploads\/2023\/10\/telephone-color.png 534w, https:\/\/foodhub.allpeopleschurch.ca\/wp-content\/uploads\/2023\/10\/telephone-color-400x345.png 400w\" sizes=\"auto, (max-width: 534px) 100vw, 534px\" \/><\/div>\r\n\t\t<\/div>\r\n\t<\/div>\r\n<a aria-label=\"Ll\u00e1menos por tel\u00e9fono\" class=\"porto-sicon-box-link\" href=\"tel:(905)%20792-2176\" title='Llamar a FoodHub'><div class=\"porto-sicon-box box-info-contact  wpb_custom_d2f070987bcfa8fbde8604e66e1ba8c9 style_1 default-icon flex-wrap\"><div class=\"porto-sicon-header\" style=\"margin-bottom:0px;\"><h3 class=\"porto-sicon-title\" style=\"margin-bottom:10px;\">Ll\u00e1menos por tel\u00e9fono<\/h3><p style=\"color:#000000;\">(905) 792-2176<\/p><\/div> <!-- header --><div class=\"porto-sicon-description\" style=\"color:#9e9e9e;\">Lun - Vie _ 09:00 - 16:00 <span class=\"KfQeJ\"> (GMT-4) <\/span><\/div> <!-- description --><\/div><!-- porto-sicon-box --><\/a><div class=\"vc_btn3-container  mb-0 vc_btn3-center vc_do_btn\" >\r\n\t<a onmouseleave=\"this.style.borderColor='#000000'; this.style.backgroundColor='transparent'; this.style.color='#000000'\" onmouseenter=\"this.style.borderColor='#f7f7f7'; this.style.backgroundColor='#f7f7f7'; this.style.color='#020202';\" class=\"vc_general vc_btn3 vc_btn3-size-md vc_btn3-shape-rounded vc_btn3-style-outline-custom vc_btn3-block wpb_custom_6687b26f39488ddbb85ddb3c1ce8e111 btn\" style=\"border-color:#000000; color:#000000; font-size:16px; font-weight:600; padding:10px 30px;\" href=\"tel:905 792 2176\" title=\"Llamar a FoodHub\">Haga clic para llamarnos<\/a>\t<\/div>\r\n<\/div><\/div><\/div><\/div><div class=\"px-md-4 vc_column_container col-md-4\"><div class=\"wpb_wrapper vc_column-inner\"><div class=\"porto-ultimate-content-box-container contact-cta-box\"><style>.porto_ucb_261382f71336470172bc8ca0b7538274{will-change: box-shadow;box-shadow:0 10px 40px -30px rgba(0,0,0,0.4);}.porto_ucb_261382f71336470172bc8ca0b7538274:hover{box-shadow:0 10px 40px -30px rgba(0,0,0,0.4)}<\/style><div class=\"porto-ultimate-content-box porto_ucb_261382f71336470172bc8ca0b7538274\" style=\"background-color:#ffffff;border:2px solid #ffffff;\" data-bg=\"#ffffff\">\r\n\t<div class=\"wpb_single_image wpb_content_element vc_align_center wpb_content_element  vc_custom_1698066604248  p-3 contact-box-image-width text-center mb-3 wpb_custom_81a4f7ef9830bf958462581aa01150fb\"><div class=\"wpb_wrapper\">\r\n\t\t\t\r\n\t\t\t<div class=\"vc_single_image-wrapper   vc_box_border_grey\"><img loading=\"lazy\" decoding=\"async\" width=\"468\" height=\"534\" src=\"https:\/\/foodhub.allpeopleschurch.ca\/wp-content\/uploads\/2023\/10\/chat-color.png\" class=\"vc_single_image-img attachment-full\" alt=\"\" title=\"chat-color\" srcset=\"https:\/\/foodhub.allpeopleschurch.ca\/wp-content\/uploads\/2023\/10\/chat-color.png 468w, https:\/\/foodhub.allpeopleschurch.ca\/wp-content\/uploads\/2023\/10\/chat-color-400x456.png 400w\" sizes=\"auto, (max-width: 468px) 100vw, 468px\" \/><\/div>\r\n\t\t<\/div>\r\n\t<\/div>\r\n<a aria-label=\"Env\u00edenos un correo\" class=\"porto-sicon-box-link\" href=\"mailto:foodhub@allpeopleschurch.ca\" title='Correo FoodHub'><div class=\"porto-sicon-box box-info-contact  wpb_custom_d2f070987bcfa8fbde8604e66e1ba8c9 style_1 default-icon flex-wrap\"><div class=\"porto-sicon-header\" style=\"margin-bottom:0px;\"><h3 class=\"porto-sicon-title\" style=\"margin-bottom:10px;\">Env\u00edenos un correo<\/h3><p style=\"color:#000000;\">foodhub@allpeopleschurch.ca<\/p><\/div> <!-- header --><div class=\"porto-sicon-description\" style=\"color:#9e9e9e;\">Usually responds within 2 business days<\/div> <!-- description --><\/div><!-- porto-sicon-box --><\/a><div class=\"vc_btn3-container  mb-0 vc_btn3-center vc_do_btn\" >\r\n\t<a onmouseleave=\"this.style.borderColor='#000000'; this.style.backgroundColor='transparent'; this.style.color='#000000'\" onmouseenter=\"this.style.borderColor='#f7f7f7'; this.style.backgroundColor='#f7f7f7'; this.style.color='#020202';\" class=\"vc_general vc_btn3 vc_btn3-size-md vc_btn3-shape-rounded vc_btn3-style-outline-custom vc_btn3-block wpb_custom_6687b26f39488ddbb85ddb3c1ce8e111 btn\" style=\"border-color:#000000; color:#000000; font-size:16px; font-weight:600; padding:10px 30px;\" href=\"mailto:foodhub@foodhub.allpeopleschurch.ca\" title=\"Correo FoodHub\">Haga clic aqu\u00ed para enviar por correo<\/a>\t<\/div>\r\n<\/div><\/div><\/div><\/div><div class=\"pl-md-4 vc_column_container col-md-4\"><div class=\"wpb_wrapper vc_column-inner\"><div class=\"porto-ultimate-content-box-container contact-cta-box\"><style>.porto_ucb_261382f71336470172bc8ca0b7538274{will-change: box-shadow;box-shadow:0 10px 40px -30px rgba(0,0,0,0.4);}.porto_ucb_261382f71336470172bc8ca0b7538274:hover{box-shadow:0 10px 40px -30px rgba(0,0,0,0.4)}<\/style><div class=\"porto-ultimate-content-box porto_ucb_261382f71336470172bc8ca0b7538274\" style=\"background-color:#ffffff;border:2px solid #ffffff;\" data-bg=\"#ffffff\">\r\n\t<div class=\"wpb_single_image wpb_content_element vc_align_center wpb_content_element  vc_custom_1698066592726  p-3 contact-box-image-width text-center mb-3 wpb_custom_81a4f7ef9830bf958462581aa01150fb\"><div class=\"wpb_wrapper\">\r\n\t\t\t\r\n\t\t\t<div class=\"vc_single_image-wrapper   vc_box_border_grey\"><img loading=\"lazy\" decoding=\"async\" width=\"518\" height=\"534\" src=\"https:\/\/foodhub.allpeopleschurch.ca\/wp-content\/uploads\/2023\/10\/house-color.png\" class=\"vc_single_image-img attachment-full\" alt=\"\" title=\"color de la casa\" srcset=\"https:\/\/foodhub.allpeopleschurch.ca\/wp-content\/uploads\/2023\/10\/house-color.png 518w, https:\/\/foodhub.allpeopleschurch.ca\/wp-content\/uploads\/2023\/10\/house-color-400x412.png 400w\" sizes=\"auto, (max-width: 518px) 100vw, 518px\" \/><\/div>\r\n\t\t<\/div>\r\n\t<\/div>\r\n<a aria-label=\"Visite nuestro centro\" class=\"porto-sicon-box-link\" href=\"https:\/\/www.google.com\/maps\/dir\/\/41+Finchgate+Blvd,+Brampton,+ON+L6T+3H8,+Canada\/@43.7274975,-79.7131252,17z\/data=!4m8!4m7!1m0!1m5!1m1!1s0x882b3dbf5c581761:0x44f4b1848b6714f6!2m2!1d-79.7131252!2d43.7274975?entry=ttu\" title=\"Visite el Centro FoodHub\" target=\"_blank\" rel=\"noopener\"><div class=\"porto-sicon-box box-info-contact  wpb_custom_d2f070987bcfa8fbde8604e66e1ba8c9 style_1 default-icon flex-wrap\"><div class=\"porto-sicon-header\" style=\"margin-bottom:0px;\"><h3 class=\"porto-sicon-title\" style=\"margin-bottom:10px;\">Visite nuestro centro<\/h3><p style=\"color:#000000;\">41 Finchgate Blvd. Brampton, ON, L6T3H8<\/p><\/div> <!-- header --><div class=\"porto-sicon-description\" style=\"color:#9e9e9e;\">Lun - Vie _ 8AM - 6PM<\/div> <!-- description --><\/div><!-- porto-sicon-box --><\/a><div class=\"vc_btn3-container  mb-0 vc_btn3-center vc_do_btn\" >\r\n\t<a onmouseleave=\"this.style.borderColor=&#039;#000000&#039;; this.style.backgroundColor=&#039;transparent&#039;; this.style.color=&#039;#000000&#039;\" onmouseenter=\"this.style.borderColor=&#039;#f7f7f7&#039;; this.style.backgroundColor=&#039;#f7f7f7&#039;; this.style.color=&#039;#020202&#039;;\" class=\"vc_general vc_btn3 vc_btn3-size-md vc_btn3-shape-rounded vc_btn3-style-outline-custom vc_btn3-block wpb_custom_6687b26f39488ddbb85ddb3c1ce8e111 btn\" style=\"border-color:#000000; color:#000000; font-size:16px; font-weight:600; padding:10px 30px;\" href=\"https:\/\/www.google.com\/maps\/dir\/\/41+Finchgate+Blvd,+Brampton,+ON+L6T+3H8,+Canada\/@43.7274975,-79.7131252,17z\/data=!4m8!4m7!1m0!1m5!1m1!1s0x882b3dbf5c581761:0x44f4b1848b6714f6!2m2!1d-79.7131252!2d43.7274975?entry=ttu\" title=\"Visita FoodHub\" target=\"_blank\" rel=\"noopener\">C\u00f3mo llegar<\/a>\t<\/div>\r\n<\/div><\/div><\/div><\/div><\/div><div class=\"vc_row wpb_row row top-row wpb_custom_034b39d9bc6c6b310d69e39f0ccf274f\"><div class=\"vc_column_container col-md-12\"><div class=\"wpb_wrapper vc_column-inner\"><div class=\"vc_empty_space  d-none d-md-block\"   style=\"height: 20px\"><span class=\"vc_empty_space_inner\"><\/span><\/div><div class=\"vc_empty_space  d-md-none\"   style=\"height: 0px\"><span class=\"vc_empty_space_inner\"><\/span><\/div><\/div><\/div><\/div><div class=\"vc_row wpb_row row top-row wpb_custom_034b39d9bc6c6b310d69e39f0ccf274f\"><div class=\"pr-md-4 vc_column_container col-md-6\"><div class=\"wpb_wrapper vc_column-inner\"><div class=\"porto-ultimate-content-box-container under-contact-box-white mb-4 mb-md-0\"><div class=\"porto-ultimate-content-box vc_custom_1698127910265 porto_ucb_e35a9346cd70594d63c013acc42ebe9d\" style=\"background-color:#ffffff;\" data-bg=\"#ffffff\"><div class=\"porto-sicon-box show-chat-window mb-0  wpb_custom_4f5726d3f4ce5996fbe271f15b205e8b style_1 left-icon\"><div class=\"porto-sicon-left\"><div class=\"porto-just-icon-wrapper porto-icon circle\" style=\"color:#5bbaff;background:#f7f7f7;\"><i class=\"far fa-comments\"><\/i><\/div><\/div><div class=\"porto-sicon-body\"><div class=\"porto-sicon-header\"><h3 class=\"porto-sicon-title\" style=\"\">Chatea con nosotros<\/h3><p style=\"color:#7e7e7e;\">No dude en enviarnos un mensaje r\u00e1pido a trav\u00e9s del chat integrado.<\/p><\/div> <!-- header --><div class=\"porto-sicon-description\" style=\"color:#000000;\"><a href=\"javascript:;\" onclick=\"tidioChatApi.display(true);tidioChatApi.open()\">Haz clic para chatear<\/a><\/div> <!-- description --><\/div><\/div><!-- porto-sicon-box --><\/div><\/div><\/div><\/div><div class=\"pl-md-4 vc_column_container col-md-6\"><div class=\"wpb_wrapper vc_column-inner\"><div class=\"porto-ultimate-content-box-container under-contact-box-white mb-3 mb-md-0\"><div class=\"porto-ultimate-content-box vc_custom_1698079265473 porto_ucb_e35a9346cd70594d63c013acc42ebe9d\" style=\"background-color:#ffffff;\" data-bg=\"#ffffff\"><a aria-label=\"Enviar un mensaje r\u00e1pido\" class=\"porto-sicon-box-link\" href=\"https:\/\/foodhub.allpeopleschurch.ca\/es\/contact-form\/\" title=\"Formulario de contacto\"><div class=\"porto-sicon-box mb-0  wpb_custom_4f5726d3f4ce5996fbe271f15b205e8b style_1 left-icon\"><div class=\"porto-sicon-left\"><div class=\"porto-just-icon-wrapper porto-icon circle\" style=\"color:#ff5959;background:#f7f7f7;\"><i class=\"fas fa-envelope-open\"><\/i><\/div><\/div><div class=\"porto-sicon-body\"><div class=\"porto-sicon-header\"><h3 class=\"porto-sicon-title\" style=\"\">Enviar un mensaje r\u00e1pido<\/h3><p style=\"color:#7e7e7e;\">Utilice el siguiente formulario y rellene todos los campos con los datos necesarios.<\/p><\/div> <!-- header --><div class=\"porto-sicon-description\" style=\"color:#000000;\">Haga clic para enviar un mensaje r\u00e1pido<\/div> <!-- description --><\/div><\/div><!-- porto-sicon-box --><\/a><\/div><\/div><\/div><\/div><\/div><div class=\"vc_row wpb_row row top-row wpb_custom_034b39d9bc6c6b310d69e39f0ccf274f\"><div class=\"vc_column_container col-md-12\"><div class=\"wpb_wrapper vc_column-inner\"><div class=\"vc_empty_space  d-none d-md-block\"   style=\"height: 5rem\"><span class=\"vc_empty_space_inner\"><\/span><\/div><div class=\"vc_empty_space  d-md-none\"   style=\"height: 3rem\"><span class=\"vc_empty_space_inner\"><\/span><\/div><\/div><\/div><\/div><\/div><\/section><section id=\"faq\" class=\"vc_section pt-0\"><div class=\"vc_row wpb_row row top-row wpb_custom_034b39d9bc6c6b310d69e39f0ccf274f\"><div class=\"vc_column_container col-md-12\"><div class=\"wpb_wrapper vc_column-inner\"><div class=\"vc_empty_space  d-none d-md-block\"   style=\"height: 5rem\"><span class=\"vc_empty_space_inner\"><\/span><\/div><div class=\"vc_empty_space  d-md-none\"   style=\"height: 3rem\"><span class=\"vc_empty_space_inner\"><\/span><\/div><\/div><\/div><\/div><div class=\"vc_row wpb_row row top-row wpb_custom_034b39d9bc6c6b310d69e39f0ccf274f\"><div class=\"vc_column_container col-md-12\"><div class=\"wpb_wrapper vc_column-inner\"><h2 style=\"text-align: center\" class=\"vc_custom_heading vc_do_custom_heading mb-5 max-width-700 m-auto wpb_custom_aa365bd5046e8294520b4e73732b9d15\" >Algunas de las preguntas m\u00e1s frecuentes<\/h2><\/div><\/div><\/div><div class=\"vc_row wpb_row row top-row wpb_custom_034b39d9bc6c6b310d69e39f0ccf274f\"><div class=\"vc_column_container col-md-12\"><div class=\"wpb_wrapper vc_column-inner\"><style>.toggles77e774e6cc4d94d6a32f6256f02d9552.toggle-simple .toggle > label:after { background-color: #000000 }<\/style><div class=\"porto-toggles wpb_content_element  max-width-800 m-auto contact-faq-list toggle-simple toggle-lg toggles77e774e6cc4d94d6a32f6256f02d9552\"><section class=\"vc_do_toggle toggle  active  contact-faq-item\"><label>\u00bfPuedo recoger una bolsa de la compra\/art\u00edculos sin inscribirme en la compra o en un evento?<\/label><div class=\"toggle-content\"><p>Debe registrarse para recibir una bolsa de comestibles o art\u00edculos que se distribuyen a trav\u00e9s de APC Food Hub. Las personas registradas tendr\u00e1n prioridad en la distribuci\u00f3n. Si quedan bolsas de comestibles\/art\u00edculos al final de la distribuci\u00f3n, estos pueden estar disponibles para las personas que no se registraron de antemano. Sin embargo, no hay garant\u00edas.<\/p>\n<\/div><\/section><section class=\"vc_do_toggle toggle  active  contact-faq-item\"><label>\u00bfCu\u00e1ndo se abrir\u00e1 y cerrar\u00e1 la inscripci\u00f3n para la distribuci\u00f3n de comestibles de la pr\u00f3xima semana?<\/label><div class=\"toggle-content\"><p>Registration will open at 7:30 pm every Tuesday evening of each week and closes at 11:30 pm on Monday night or as soon as we&#8217;ve reached capacity for RSVP spots. Be sure to check capacity for each week and sign up as soon as registration opens to reserve a grocery bag. Once we&#8217;ve reached capacity registration will close.<\/p>\n<\/div><\/section><section class=\"vc_do_toggle toggle  active  contact-faq-item\"><label>\u00bfPuedo recoger una bolsa de la compra para otra persona?<\/label><div class=\"toggle-content\"><p>S\u00f3lo se le permitir\u00e1 recoger una bolsa de comestibles\/art\u00edculos para una (1) persona adicional, siempre que presente su c\u00f3digo QR de confirmaci\u00f3n y su documento de identidad v\u00e1lido con fotograf\u00eda de Ontario con su direcci\u00f3n actual tal y como figura en nuestros registros.<\/p>\n<\/div><\/section><\/div><\/div><\/div><\/div><div class=\"vc_row wpb_row row top-row wpb_custom_034b39d9bc6c6b310d69e39f0ccf274f\"><div class=\"vc_column_container col-md-12\"><div class=\"wpb_wrapper vc_column-inner\"><div class=\"vc_empty_space  d-none d-md-block\"   style=\"height: 5rem\"><span class=\"vc_empty_space_inner\"><\/span><\/div><div class=\"vc_empty_space  d-md-none\"   style=\"height: 3rem\"><span class=\"vc_empty_space_inner\"><\/span><\/div><\/div><\/div><\/div><\/section>\n<\/div>","protected":false},"excerpt":{"rendered":"Get in touch with us for any information.If you have questions or need help, use one of the options below that suits you best. Call us by phone(905) 792-2176 Mon [...]","protected":false},"author":1,"featured_media":0,"parent":0,"menu_order":0,"comment_status":"closed","ping_status":"closed","template":"","meta":{"_acf_changed":false,"_monsterinsights_skip_tracking":false,"_monsterinsights_sitenote_active":false,"_monsterinsights_sitenote_note":"","_monsterinsights_sitenote_category":0,"_price":"","_stock":"","_tribe_ticket_header":"","_tribe_default_ticket_provider":"","_tribe_ticket_capacity":"0","_ticket_start_date":"","_ticket_end_date":"","_tribe_ticket_show_description":"","_tribe_ticket_show_not_going":false,"_tribe_ticket_use_global_stock":"","_tribe_ticket_global_stock_level":"","_global_stock_mode":"","_global_stock_cap":"","_tribe_rsvp_for_event":"","_tribe_ticket_going_count":"","_tribe_ticket_not_going_count":"","_tribe_tickets_list":"[]","_tribe_ticket_has_attendee_info_fields":false,"footnotes":""},"class_list":["post-340","page","type-page","status-publish","hentry"],"acf":[],"_links":{"self":[{"href":"https:\/\/foodhub.allpeopleschurch.ca\/es\/wp-json\/wp\/v2\/pages\/340","targetHints":{"allow":["GET"]}}],"collection":[{"href":"https:\/\/foodhub.allpeopleschurch.ca\/es\/wp-json\/wp\/v2\/pages"}],"about":[{"href":"https:\/\/foodhub.allpeopleschurch.ca\/es\/wp-json\/wp\/v2\/types\/page"}],"author":[{"embeddable":true,"href":"https:\/\/foodhub.allpeopleschurch.ca\/es\/wp-json\/wp\/v2\/users\/1"}],"replies":[{"embeddable":true,"href":"https:\/\/foodhub.allpeopleschurch.ca\/es\/wp-json\/wp\/v2\/comments?post=340"}],"version-history":[{"count":0,"href":"https:\/\/foodhub.allpeopleschurch.ca\/es\/wp-json\/wp\/v2\/pages\/340\/revisions"}],"wp:attachment":[{"href":"https:\/\/foodhub.allpeopleschurch.ca\/es\/wp-json\/wp\/v2\/media?parent=340"}],"curies":[{"name":"wp","href":"https:\/\/api.w.org\/{rel}","templated":true}]}}